{"id":1742,"date":"2018-07-20T12:00:28","date_gmt":"2018-07-20T10:00:28","guid":{"rendered":"https:\/\/mininiplastic.it\/anwendungsbereiche\/alimentazione-refrigerazione\/"},"modified":"2023-09-22T09:54:14","modified_gmt":"2023-09-22T07:54:14","slug":"lebensmittel-kuehltechnik","status":"publish","type":"page","link":"https:\/\/mininiplastic.it\/de\/anwendungsbereiche\/lebensmittel-kuehltechnik\/","title":{"rendered":"Lebensmittel \/ K\u00fchltechnik"},"content":{"rendered":"","protected":false},"excerpt":{"rendered":"<p>Kunststoffl\u00f6sungen f\u00fcr den Lebensmittelbereich und die K\u00fchltechnik<\/p>\n","protected":false},"author":1,"featured_media":1744,"parent":1620,"menu_order":5,"comment_status":"closed","ping_status":"closed","template":"page_CAMPI.php","meta":[],"acf":[],"wps_subtitle":"","_links":{"self":[{"href":"https:\/\/mininiplastic.it\/de\/wp-json\/wp\/v2\/pages\/1742"}],"collection":[{"href":"https:\/\/mininiplastic.it\/de\/wp-json\/wp\/v2\/pages"}],"about":[{"href":"https:\/\/mininiplastic.it\/de\/wp-json\/wp\/v2\/types\/page"}],"author":[{"embeddable":true,"href":"https:\/\/mininiplastic.it\/de\/wp-json\/wp\/v2\/users\/1"}],"replies":[{"embeddable":true,"href":"https:\/\/mininiplastic.it\/de\/wp-json\/wp\/v2\/comments?post=1742"}],"version-history":[{"count":2,"href":"https:\/\/mininiplastic.it\/de\/wp-json\/wp\/v2\/pages\/1742\/revisions"}],"predecessor-version":[{"id":1746,"href":"https:\/\/mininiplastic.it\/de\/wp-json\/wp\/v2\/pages\/1742\/revisions\/1746"}],"up":[{"embeddable":true,"href":"https:\/\/mininiplastic.it\/de\/wp-json\/wp\/v2\/pages\/1620"}],"wp:featuredmedia":[{"embeddable":true,"href":"https:\/\/mininiplastic.it\/de\/wp-json\/wp\/v2\/media\/1744"}],"wp:attachment":[{"href":"https:\/\/mininiplastic.it\/de\/wp-json\/wp\/v2\/media?parent=1742"}],"curies":[{"name":"wp","href":"https:\/\/api.w.org\/{rel}","templated":true}]}}