{"id":1620,"date":"2018-07-18T18:46:02","date_gmt":"2018-07-18T16:46:02","guid":{"rendered":"https:\/\/mininiplastic.it\/campi-di-applicazione\/"},"modified":"2023-07-17T10:39:56","modified_gmt":"2023-07-17T08:39:56","slug":"anwendungsbereiche","status":"publish","type":"page","link":"https:\/\/mininiplastic.it\/de\/anwendungsbereiche\/","title":{"rendered":"Anwendungsbereiche"},"content":{"rendered":"<p><span data-sheets-value=\"{&quot;1&quot;:2,&quot;2&quot;:&quot;Unsere Kunststoffverarbeitung bietet Anwendungsm\u00f6glichkeiten in allen Branchen: Maschinenbau, M\u00f6bel und Accessoires, Badezimmerausstattung, Beleuchtung und Designbeleuchtung, technische und elektronische Projekte, \u00f6ffentlicher Verkehr. Auch Medizin, Rehabilitations- und Krankenhausbedarf geh\u00f6rt zu unseren Kompetenzbereichen. Wir arbeiten zudem auch f\u00fcr die Lebensmittelindustrie, das Baugewerbe, die Automobilindustrie, den Bereich Wohnmobil- und Wohnwagenbau, Hersteller von landwirtschaftlichen Maschinen bis hin zur Erstellung von Werbematerialien wie Aufstellern, Displays und Designartikeln.&quot;}\" data-sheets-userformat=\"{&quot;2&quot;:14337,&quot;3&quot;:{&quot;1&quot;:0,&quot;3&quot;:1},&quot;14&quot;:{&quot;1&quot;:3,&quot;3&quot;:1},&quot;15&quot;:&quot;Arial&quot;,&quot;16&quot;:10}\">Unsere <strong>Kunststoffverarbeitung<\/strong> bietet Anwendungsm\u00f6glichkeiten in allen Branchen: Maschinenbau, M\u00f6bel und Accessoires, Badezimmerausstattung, Beleuchtung und Designbeleuchtung, technische und elektronische Projekte, \u00f6ffentlicher Verkehr. Auch Medizin, Rehabilitations- und Krankenhausbedarf geh\u00f6rt zu unseren Kompetenzbereichen. Wir arbeiten zudem auch f\u00fcr die Lebensmittelindustrie, das Baugewerbe, die Automobilindustrie, den Bereich Wohnmobil- und Wohnwagenbau, Hersteller von landwirtschaftlichen Maschinen bis hin zur Erstellung von Werbematerialien wie Aufstellern, Displays und Designartikeln.<\/span><\/p>\n","protected":false},"excerpt":{"rendered":"<p>Unsere Kunststoffverarbeitung bietet Anwendungsm\u00f6glichkeiten in allen Branchen: Maschinenbau, M\u00f6bel und Accessoires, Badezimmerausstattung, Beleuchtung und Designbeleuchtung, technische und elektronische Projekte, \u00f6ffentlicher Verkehr. Auch Medizin, Rehabilitations- und Krankenhausbedarf geh\u00f6rt zu unseren Kompetenzbereichen. Wir arbeiten zudem auch f\u00fcr die Lebensmittelindustrie, das Baugewerbe, die Automobilindustrie, den Bereich Wohnmobil- und Wohnwagenbau, Hersteller von landwirtschaftlichen Maschinen bis hin zur Erstellung von [&hellip;]<\/p>\n","protected":false},"author":1,"featured_media":0,"parent":0,"menu_order":0,"comment_status":"closed","ping_status":"closed","template":"","meta":[],"acf":[],"wps_subtitle":"","_links":{"self":[{"href":"https:\/\/mininiplastic.it\/de\/wp-json\/wp\/v2\/pages\/1620"}],"collection":[{"href":"https:\/\/mininiplastic.it\/de\/wp-json\/wp\/v2\/pages"}],"about":[{"href":"https:\/\/mininiplastic.it\/de\/wp-json\/wp\/v2\/types\/page"}],"author":[{"embeddable":true,"href":"https:\/\/mininiplastic.it\/de\/wp-json\/wp\/v2\/users\/1"}],"replies":[{"embeddable":true,"href":"https:\/\/mininiplastic.it\/de\/wp-json\/wp\/v2\/comments?post=1620"}],"version-history":[{"count":1,"href":"https:\/\/mininiplastic.it\/de\/wp-json\/wp\/v2\/pages\/1620\/revisions"}],"predecessor-version":[{"id":1621,"href":"https:\/\/mininiplastic.it\/de\/wp-json\/wp\/v2\/pages\/1620\/revisions\/1621"}],"wp:attachment":[{"href":"https:\/\/mininiplastic.it\/de\/wp-json\/wp\/v2\/media?parent=1620"}],"curies":[{"name":"wp","href":"https:\/\/api.w.org\/{rel}","templated":true}]}}