{"id":1601,"date":"2018-07-18T18:46:32","date_gmt":"2018-07-18T16:46:32","guid":{"rendered":"https:\/\/mininiplastic.it\/servizi\/design-e-progettazione\/"},"modified":"2023-07-17T10:27:46","modified_gmt":"2023-07-17T08:27:46","slug":"entwurf-und-planung","status":"publish","type":"page","link":"https:\/\/mininiplastic.it\/de\/dienstleistungen\/entwurf-und-planung\/","title":{"rendered":"Entwurf und Planung"},"content":{"rendered":"","protected":false},"excerpt":{"rendered":"<p>Zuh\u00f6ren ist der erste Schritt. Um die beste L\u00f6sung zu finden, m\u00fcssen wir die Anforderungen und Bed\u00fcrfnisse verstehen und dann mit der Gestaltung des Produktes fortfahren. <\/p>\n","protected":false},"author":1,"featured_media":1603,"parent":1599,"menu_order":0,"comment_status":"closed","ping_status":"closed","template":"page_SERVIZI.php","meta":[],"acf":[],"wps_subtitle":"","_links":{"self":[{"href":"https:\/\/mininiplastic.it\/de\/wp-json\/wp\/v2\/pages\/1601"}],"collection":[{"href":"https:\/\/mininiplastic.it\/de\/wp-json\/wp\/v2\/pages"}],"about":[{"href":"https:\/\/mininiplastic.it\/de\/wp-json\/wp\/v2\/types\/page"}],"author":[{"embeddable":true,"href":"https:\/\/mininiplastic.it\/de\/wp-json\/wp\/v2\/users\/1"}],"replies":[{"embeddable":true,"href":"https:\/\/mininiplastic.it\/de\/wp-json\/wp\/v2\/comments?post=1601"}],"version-history":[{"count":1,"href":"https:\/\/mininiplastic.it\/de\/wp-json\/wp\/v2\/pages\/1601\/revisions"}],"predecessor-version":[{"id":1604,"href":"https:\/\/mininiplastic.it\/de\/wp-json\/wp\/v2\/pages\/1601\/revisions\/1604"}],"up":[{"embeddable":true,"href":"https:\/\/mininiplastic.it\/de\/wp-json\/wp\/v2\/pages\/1599"}],"wp:featuredmedia":[{"embeddable":true,"href":"https:\/\/mininiplastic.it\/de\/wp-json\/wp\/v2\/media\/1603"}],"wp:attachment":[{"href":"https:\/\/mininiplastic.it\/de\/wp-json\/wp\/v2\/media?parent=1601"}],"curies":[{"name":"wp","href":"https:\/\/api.w.org\/{rel}","templated":true}]}}