{"id":1547,"date":"2018-07-18T18:46:59","date_gmt":"2018-07-18T16:46:59","guid":{"rendered":"https:\/\/mininiplastic.it\/tecnologie\/termoformatura\/"},"modified":"2023-09-22T10:07:57","modified_gmt":"2023-09-22T08:07:57","slug":"thermoformen-kunststoff-formen-minini-plastic","status":"publish","type":"page","link":"https:\/\/mininiplastic.it\/de\/technologien\/thermoformen-kunststoff-formen-minini-plastic\/","title":{"rendered":"Thermoformen"},"content":{"rendered":"","protected":false},"excerpt":{"rendered":"<p>Wir k\u00f6nnen Materialien wie ABS, PST, PETG, PMMA, PC und andere technische Materialien thermoformen. Die Produkte werden dann mit computergesteuerten Fr\u00e4smaschinen mit 5 Achsen nach Zeichnung bearbeitet und abh\u00e4ngig vom jeweiligen Projekt m\u00f6glicherweise mit anderen Komponenten zusammengebaut.<\/p>\n","protected":false},"author":1,"featured_media":1548,"parent":1546,"menu_order":0,"comment_status":"closed","ping_status":"closed","template":"page_TECNOLOGIE.php","meta":[],"acf":[],"wps_subtitle":"","_links":{"self":[{"href":"https:\/\/mininiplastic.it\/de\/wp-json\/wp\/v2\/pages\/1547"}],"collection":[{"href":"https:\/\/mininiplastic.it\/de\/wp-json\/wp\/v2\/pages"}],"about":[{"href":"https:\/\/mininiplastic.it\/de\/wp-json\/wp\/v2\/types\/page"}],"author":[{"embeddable":true,"href":"https:\/\/mininiplastic.it\/de\/wp-json\/wp\/v2\/users\/1"}],"replies":[{"embeddable":true,"href":"https:\/\/mininiplastic.it\/de\/wp-json\/wp\/v2\/comments?post=1547"}],"version-history":[{"count":5,"href":"https:\/\/mininiplastic.it\/de\/wp-json\/wp\/v2\/pages\/1547\/revisions"}],"predecessor-version":[{"id":1566,"href":"https:\/\/mininiplastic.it\/de\/wp-json\/wp\/v2\/pages\/1547\/revisions\/1566"}],"up":[{"embeddable":true,"href":"https:\/\/mininiplastic.it\/de\/wp-json\/wp\/v2\/pages\/1546"}],"wp:featuredmedia":[{"embeddable":true,"href":"https:\/\/mininiplastic.it\/de\/wp-json\/wp\/v2\/media\/1548"}],"wp:attachment":[{"href":"https:\/\/mininiplastic.it\/de\/wp-json\/wp\/v2\/media?parent=1547"}],"curies":[{"name":"wp","href":"https:\/\/api.w.org\/{rel}","templated":true}]}}