{"id":1539,"date":"2018-07-18T18:45:21","date_gmt":"2018-07-18T16:45:21","guid":{"rendered":"https:\/\/mininiplastic.it\/azienda\/"},"modified":"2023-09-22T09:57:47","modified_gmt":"2023-09-22T07:57:47","slug":"unternehmen","status":"publish","type":"page","link":"https:\/\/mininiplastic.it\/de\/unternehmen\/","title":{"rendered":"Unternehmen"},"content":{"rendered":"","protected":false},"excerpt":{"rendered":"<p>Bei der Verarbeitung von Kunststoffen kennen wir keine Grenzen.<br \/>\nIm <strong>Minini Plastic Werk<\/strong> in Cassacco (Udine) k\u00f6nnen wir jedem Projekt eine Form geben.<br \/>\n<strong>Thermoformen<\/strong>, <strong>Bearbeitung von Plexiglasplatten<\/strong>, <strong>Siebdruck<\/strong> und <strong>Digitaldruck<\/strong> sind unsere Technologien, mit denen wir Ideen und Materialien Form verleihen und unseren Kunden hochmoderne L\u00f6sungen anbieten, die ihre Bed\u00fcrfnisse und die ihrer M\u00e4rkte erf\u00fcllen.<\/p>\n","protected":false},"author":1,"featured_media":1540,"parent":0,"menu_order":0,"comment_status":"closed","ping_status":"closed","template":"page_AZIENDA.php","meta":[],"acf":[],"wps_subtitle":"","_links":{"self":[{"href":"https:\/\/mininiplastic.it\/de\/wp-json\/wp\/v2\/pages\/1539"}],"collection":[{"href":"https:\/\/mininiplastic.it\/de\/wp-json\/wp\/v2\/pages"}],"about":[{"href":"https:\/\/mininiplastic.it\/de\/wp-json\/wp\/v2\/types\/page"}],"author":[{"embeddable":true,"href":"https:\/\/mininiplastic.it\/de\/wp-json\/wp\/v2\/users\/1"}],"replies":[{"embeddable":true,"href":"https:\/\/mininiplastic.it\/de\/wp-json\/wp\/v2\/comments?post=1539"}],"version-history":[{"count":5,"href":"https:\/\/mininiplastic.it\/de\/wp-json\/wp\/v2\/pages\/1539\/revisions"}],"predecessor-version":[{"id":1545,"href":"https:\/\/mininiplastic.it\/de\/wp-json\/wp\/v2\/pages\/1539\/revisions\/1545"}],"wp:featuredmedia":[{"embeddable":true,"href":"https:\/\/mininiplastic.it\/de\/wp-json\/wp\/v2\/media\/1540"}],"wp:attachment":[{"href":"https:\/\/mininiplastic.it\/de\/wp-json\/wp\/v2\/media?parent=1539"}],"curies":[{"name":"wp","href":"https:\/\/api.w.org\/{rel}","templated":true}]}}